{"id":1522,"date":"2023-02-11T23:07:35","date_gmt":"2023-02-11T22:07:35","guid":{"rendered":"http:\/\/staging.stefanleipold.com\/staging.stefanleipold.com\/contacte-con\/"},"modified":"2023-02-15T06:40:00","modified_gmt":"2023-02-15T05:40:00","slug":"contacte-con","status":"publish","type":"page","link":"https:\/\/stefanleipold.com\/es\/contacte-con\/","title":{"rendered":"Contacte con"},"content":{"rendered":"\t\t<div data-elementor-type=\"wp-page\" data-elementor-id=\"1522\" class=\"elementor elementor-1522 elementor-105\" data-elementor-post-type=\"page\">\n\t\t\t\t\t\t<section class=\"elementor-section elementor-top-section elementor-element elementor-element-6aad4b79 elementor-section-content-middle elementor-section-boxed elementor-section-height-default elementor-section-height-default\" data-id=\"6aad4b79\" data-element_type=\"section\" data-e-type=\"section\" data-settings=\"{&quot;background_background&quot;:&quot;classic&quot;}\">\n\t\t\t\t\t\t<div class=\"elementor-container elementor-column-gap-extended\">\n\t\t\t\t\t<div class=\"elementor-column elementor-col-50 elementor-top-column elementor-element elementor-element-6c224c64\" data-id=\"6c224c64\" data-element_type=\"column\" data-e-type=\"column\">\n\t\t\t<div class=\"elementor-widget-wrap elementor-element-populated\">\n\t\t\t\t\t\t<div class=\"elementor-element elementor-element-3b6a7bb5 elementor-widget elementor-widget-heading\" data-id=\"3b6a7bb5\" data-element_type=\"widget\" data-e-type=\"widget\" data-widget_type=\"heading.default\">\n\t\t\t\t<div class=\"elementor-widget-container\">\n\t\t\t\t\t<h1 class=\"elementor-heading-title elementor-size-default\">CONTACTO<\/h1>\t\t\t\t<\/div>\n\t\t\t\t<\/div>\n\t\t\t\t<div class=\"elementor-element elementor-element-53820214 elementor-widget elementor-widget-text-editor\" data-id=\"53820214\" data-element_type=\"widget\" data-e-type=\"widget\" data-widget_type=\"text-editor.default\">\n\t\t\t\t<div class=\"elementor-widget-container\">\n\t\t\t\t\t\t\t\t\t<p>Ya sea que est\u00e9 interesado en tecnolog\u00edas emocionantes, asociaciones comerciales o trabajar en nuevos proyectos de prensa: d\u00e9jeme un mensaje y me pondr\u00e9 en contacto con usted a tiempo.<\/p>\t\t\t\t\t\t\t\t<\/div>\n\t\t\t\t<\/div>\n\t\t\t\t<div class=\"elementor-element elementor-element-748b0772 elementor-button-align-stretch elementor-widget elementor-widget-form\" data-id=\"748b0772\" data-element_type=\"widget\" data-e-type=\"widget\" data-settings=\"{&quot;step_next_label&quot;:&quot;Next&quot;,&quot;step_previous_label&quot;:&quot;Previous&quot;,&quot;button_width&quot;:&quot;100&quot;,&quot;step_type&quot;:&quot;number_text&quot;,&quot;step_icon_shape&quot;:&quot;circle&quot;}\" data-widget_type=\"form.default\">\n\t\t\t\t<div class=\"elementor-widget-container\">\n\t\t\t\t\t\t\t<form class=\"elementor-form\" method=\"post\" name=\"contact Form\" aria-label=\"contact Form\">\n\t\t\t<input type=\"hidden\" name=\"post_id\" value=\"1522\"\/>\n\t\t\t<input type=\"hidden\" name=\"form_id\" value=\"748b0772\"\/>\n\t\t\t<input type=\"hidden\" name=\"referer_title\" value=\"Contacte con - Stefan Leipold\" \/>\n\n\t\t\t\t\t\t\t<input type=\"hidden\" name=\"queried_id\" value=\"1522\"\/>\n\t\t\t\n\t\t\t<div class=\"elementor-form-fields-wrapper elementor-labels-above\">\n\t\t\t\t\t\t\t\t<div class=\"elementor-field-type-text elementor-field-group elementor-column elementor-field-group-name elementor-col-100\">\n\t\t\t\t\t\t\t\t\t\t\t\t<label for=\"form-field-name\" class=\"elementor-field-label\">\n\t\t\t\t\t\t\t\tNombre\t\t\t\t\t\t\t<\/label>\n\t\t\t\t\t\t\t\t\t\t\t\t\t\t<input size=\"1\" type=\"text\" name=\"form_fields[name]\" id=\"form-field-name\" class=\"elementor-field elementor-size-md  elementor-field-textual\">\n\t\t\t\t\t\t\t\t\t\t\t<\/div>\n\t\t\t\t\t\t\t\t<div class=\"elementor-field-type-email elementor-field-group elementor-column elementor-field-group-email elementor-col-100 elementor-field-required\">\n\t\t\t\t\t\t\t\t\t\t\t\t<label for=\"form-field-email\" class=\"elementor-field-label\">\n\t\t\t\t\t\t\t\tEmail\t\t\t\t\t\t\t<\/label>\n\t\t\t\t\t\t\t\t\t\t\t\t\t\t<input size=\"1\" type=\"email\" name=\"form_fields[email]\" id=\"form-field-email\" class=\"elementor-field elementor-size-md  elementor-field-textual\" required=\"required\">\n\t\t\t\t\t\t\t\t\t\t\t<\/div>\n\t\t\t\t\t\t\t\t<div class=\"elementor-field-type-textarea elementor-field-group elementor-column elementor-field-group-Messege elementor-col-100\">\n\t\t\t\t\t\t\t\t\t\t\t\t<label for=\"form-field-Messege\" class=\"elementor-field-label\">\n\t\t\t\t\t\t\t\tMensaje\t\t\t\t\t\t\t<\/label>\n\t\t\t\t\t\t<textarea class=\"elementor-field-textual elementor-field  elementor-size-md\" name=\"form_fields[Messege]\" id=\"form-field-Messege\" rows=\"3\"><\/textarea>\t\t\t\t<\/div>\n\t\t\t\t\t\t\t\t<div class=\"elementor-field-group elementor-column elementor-field-type-submit elementor-col-100 e-form__buttons\">\n\t\t\t\t\t<button class=\"elementor-button elementor-size-lg\" type=\"submit\">\n\t\t\t\t\t\t<span class=\"elementor-button-content-wrapper\">\n\t\t\t\t\t\t\t\t\t\t\t\t\t\t\t\t\t\t\t\t\t\t<span class=\"elementor-button-text\">Enviar<\/span>\n\t\t\t\t\t\t\t\t\t\t\t\t\t<\/span>\n\t\t\t\t\t<\/button>\n\t\t\t\t<\/div>\n\t\t\t<\/div>\n\t\t<\/form>\n\t\t\t\t\t\t<\/div>\n\t\t\t\t<\/div>\n\t\t\t\t\t<\/div>\n\t\t<\/div>\n\t\t\t\t<div class=\"elementor-column elementor-col-50 elementor-top-column elementor-element elementor-element-5521aca1\" data-id=\"5521aca1\" data-element_type=\"column\" data-e-type=\"column\">\n\t\t\t<div class=\"elementor-widget-wrap elementor-element-populated\">\n\t\t\t\t\t\t<div class=\"elementor-element elementor-element-232dae4a elementor-position-inline-start elementor-view-default elementor-mobile-position-block-start elementor-widget elementor-widget-icon-box\" data-id=\"232dae4a\" data-element_type=\"widget\" data-e-type=\"widget\" data-widget_type=\"icon-box.default\">\n\t\t\t\t<div class=\"elementor-widget-container\">\n\t\t\t\t\t\t\t<div class=\"elementor-icon-box-wrapper\">\n\n\t\t\t\t\t\t<div class=\"elementor-icon-box-icon\">\n\t\t\t\t<a href=\"tel:%20+1-347-284-6160\" class=\"elementor-icon\" tabindex=\"-1\" aria-label=\"Tel\">\n\t\t\t\t<svg xmlns=\"http:\/\/www.w3.org\/2000\/svg\" id=\"a76e379d-bda5-434c-92b1-99cbfad9299c\" data-name=\"Layer 1\" viewBox=\"0 0 29 29\"><title>phone icon<\/title><path d=\"M26.7106,19.0942a16.6143,16.6143,0,0,1-5.2018-.8273,2.2285,2.2285,0,0,0-2.2634.4763L15.9515,21.231a18.39,18.39,0,0,1-8.184-8.1825L10.1851,9.834A2.2967,2.2967,0,0,0,10.7513,7.5a16.6213,16.6213,0,0,1-.83-5.2109A2.2922,2.2922,0,0,0,7.6316,0H2.2894A2.2922,2.2922,0,0,0,0,2.2894,26.7419,26.7419,0,0,0,26.7106,29,2.2922,2.2922,0,0,0,29,26.7105V21.3837A2.2922,2.2922,0,0,0,26.7106,19.0942ZM27.5,26.7353a.7659.7659,0,0,1-.7648.7647A25.2641,25.2641,0,0,1,1.5,2.2647.7659.7659,0,0,1,2.2648,1.5H7.6177a.7659.7659,0,0,1,.7646.7647,18.1415,18.1415,0,0,0,.907,5.6909.84.84,0,0,1-.2631.8672L6.2427,12.5087a.7709.7709,0,0,0-.0719.809,20.0732,20.0732,0,0,0,9.51,9.51.767.767,0,0,0,.809-.07l3.7654-2.8539a.7675.7675,0,0,1,.78-.1805,18.1565,18.1565,0,0,0,5.7.91.765.765,0,0,1,.7648.7647Z\"><\/path><\/svg>\t\t\t\t<\/a>\n\t\t\t<\/div>\n\t\t\t\n\t\t\t\t\t\t<div class=\"elementor-icon-box-content\">\n\n\t\t\t\t\t\t\t\t\t<h3 class=\"elementor-icon-box-title\">\n\t\t\t\t\t\t<a href=\"tel:%20+1-347-284-6160\" >\n\t\t\t\t\t\t\tTel\t\t\t\t\t\t<\/a>\n\t\t\t\t\t<\/h3>\n\t\t\t\t\n\t\t\t\t\t\t\t\t\t<p class=\"elementor-icon-box-description\">\n\t\t\t\t\t\tUS +1-347-284-6160\t\t\t\t\t<\/p>\n\t\t\t\t\n\t\t\t<\/div>\n\t\t\t\n\t\t<\/div>\n\t\t\t\t\t\t<\/div>\n\t\t\t\t<\/div>\n\t\t\t\t<div class=\"elementor-element elementor-element-4cce1466 elementor-position-inline-start elementor-view-default elementor-mobile-position-block-start elementor-widget elementor-widget-icon-box\" data-id=\"4cce1466\" data-element_type=\"widget\" data-e-type=\"widget\" data-widget_type=\"icon-box.default\">\n\t\t\t\t<div class=\"elementor-widget-container\">\n\t\t\t\t\t\t\t<div class=\"elementor-icon-box-wrapper\">\n\n\t\t\t\t\t\t<div class=\"elementor-icon-box-icon\">\n\t\t\t\t<a href=\"mailto:stefan@starkinc.biz\" target=\"_blank\" class=\"elementor-icon\" tabindex=\"-1\" aria-label=\"Email\">\n\t\t\t\t<svg xmlns=\"http:\/\/www.w3.org\/2000\/svg\" id=\"ac817096-2ba7-4d40-871d-7036eb66db9f\" data-name=\"Layer 1\" viewBox=\"0 0 30 30\"><title>email icon<\/title><path d=\"M20.7363,8.76a.6333.6333,0,0,0-.7263.5025l-.0812.45a6.3322,6.3322,0,0,0-4.59-.4962,7.1911,7.1911,0,0,0-5.1009,4.997,5.3305,5.3305,0,0,0,.802,4.7291A4.8855,4.8855,0,0,0,15.0059,21a5.3217,5.3217,0,0,0,4.3116-2.3661A5.5736,5.5736,0,0,0,24.375,21.25C27.03,21.25,30,18.5762,30,15A15,15,0,1,0,15,30a14.8325,14.8325,0,0,0,9.3275-3.2525.625.625,0,1,0-.7775-.9788A13.5957,13.5957,0,0,1,15,28.75,13.75,13.75,0,1,1,28.75,15c0,2.8162-2.3513,5-4.375,5-1.7774,0-3.8123-.7648-4.2812-2.759a4.04,4.04,0,0,1,.0184-1.5507L21.24,9.4875A.6249.6249,0,0,0,20.7363,8.76Zm-5.73,11.0388a3.7023,3.7023,0,0,1-2.9983-1.5663,4.1217,4.1217,0,0,1-.6257-3.6589,5.907,5.907,0,0,1,4.25-4.1921,4.9715,4.9715,0,0,1,4.0671.6075L18.75,16.25a5.6658,5.6658,0,0,0,.0732.8767A4.339,4.339,0,0,1,15.0059,19.7988Z\" style=\"fill-rule:evenodd\"><\/path><\/svg>\t\t\t\t<\/a>\n\t\t\t<\/div>\n\t\t\t\n\t\t\t\t\t\t<div class=\"elementor-icon-box-content\">\n\n\t\t\t\t\t\t\t\t\t<h3 class=\"elementor-icon-box-title\">\n\t\t\t\t\t\t<a href=\"mailto:stefan@starkinc.biz\" target=\"_blank\" >\n\t\t\t\t\t\t\tEmail\t\t\t\t\t\t<\/a>\n\t\t\t\t\t<\/h3>\n\t\t\t\t\n\t\t\t\t\t\t\t\t\t<p class=\"elementor-icon-box-description\">\n\t\t\t\t\t\thi@starkinc.biz\t\t\t\t\t<\/p>\n\t\t\t\t\n\t\t\t<\/div>\n\t\t\t\n\t\t<\/div>\n\t\t\t\t\t\t<\/div>\n\t\t\t\t<\/div>\n\t\t\t\t<div class=\"elementor-element elementor-element-33777bb8 elementor-position-inline-start elementor-view-default elementor-mobile-position-block-start elementor-widget elementor-widget-icon-box\" data-id=\"33777bb8\" data-element_type=\"widget\" data-e-type=\"widget\" data-widget_type=\"icon-box.default\">\n\t\t\t\t<div class=\"elementor-widget-container\">\n\t\t\t\t\t\t\t<div class=\"elementor-icon-box-wrapper\">\n\n\t\t\t\t\t\t<div class=\"elementor-icon-box-icon\">\n\t\t\t\t<a href=\"https:\/\/www.google.com\/maps\/place\/69+Lexington+Ave+%232nd,+New+York,+NY+10010,+EE.+UU.\/@40.7410379,-73.9834754,17z\/data=!3m1!4b1!4m5!3m4!1s0x89c259a75091074f:0x2e663aa2fd5b0eb!8m2!3d40.7410379!4d-73.9834754?coh=164777&#038;entry=tt&#038;shorturl=1\" class=\"elementor-icon\" tabindex=\"-1\" aria-label=\"Direcci\u00f3n\">\n\t\t\t\t<svg xmlns=\"http:\/\/www.w3.org\/2000\/svg\" id=\"f2820d19-ed6f-406e-8581-9645e22b9d25\" data-name=\"Layer 1\" viewBox=\"0 0 21 30\"><title>location icon<\/title><path d=\"M10.5,0A10.5749,10.5749,0,0,0,0,10.625C0,20.8975,9.6835,29.4875,10.0961,29.8475a.6111.6111,0,0,0,.8078,0C11.3165,29.4875,21,20.8975,21,10.625A10.5749,10.5749,0,0,0,10.5,0Zm0,28.5275c-1.8332-1.745-9.2647-9.35-9.2647-17.9025A9.33,9.33,0,0,1,10.5,1.25a9.33,9.33,0,0,1,9.2647,9.375C19.7647,19.1675,12.332,26.7812,10.5,28.5275Z\"><\/path><path d=\"M10.5,3A7.5,7.5,0,1,0,18,10.5,7.508,7.508,0,0,0,10.5,3Zm0,13.6364A6.1364,6.1364,0,1,1,16.6364,10.5,6.1439,6.1439,0,0,1,10.5,16.6364Z\"><\/path><\/svg>\t\t\t\t<\/a>\n\t\t\t<\/div>\n\t\t\t\n\t\t\t\t\t\t<div class=\"elementor-icon-box-content\">\n\n\t\t\t\t\t\t\t\t\t<h3 class=\"elementor-icon-box-title\">\n\t\t\t\t\t\t<a href=\"https:\/\/www.google.com\/maps\/place\/69+Lexington+Ave+%232nd,+New+York,+NY+10010,+EE.+UU.\/@40.7410379,-73.9834754,17z\/data=!3m1!4b1!4m5!3m4!1s0x89c259a75091074f:0x2e663aa2fd5b0eb!8m2!3d40.7410379!4d-73.9834754?coh=164777&#038;entry=tt&#038;shorturl=1\" >\n\t\t\t\t\t\t\tDirecci\u00f3n\t\t\t\t\t\t<\/a>\n\t\t\t\t\t<\/h3>\n\t\t\t\t\n\t\t\t\t\t\t\t\t\t<p class=\"elementor-icon-box-description\">\n\t\t\t\t\t\t69 Lexington Ave #2nd, <br>New York, NY 10010, USA\n\t\t\t\t\t<\/p>\n\t\t\t\t\n\t\t\t<\/div>\n\t\t\t\n\t\t<\/div>\n\t\t\t\t\t\t<\/div>\n\t\t\t\t<\/div>\n\t\t\t\t\t<\/div>\n\t\t<\/div>\n\t\t\t\t\t<\/div>\n\t\t<\/section>\n\t\t\t\t<section class=\"elementor-section elementor-top-section elementor-element elementor-element-49bb5bd9 elementor-section-boxed elementor-section-height-default elementor-section-height-default\" data-id=\"49bb5bd9\" data-element_type=\"section\" data-e-type=\"section\" id=\"map\">\n\t\t\t\t\t\t<div class=\"elementor-container elementor-column-gap-default\">\n\t\t\t\t\t<div class=\"elementor-column elementor-col-100 elementor-top-column elementor-element elementor-element-7546ee8e\" data-id=\"7546ee8e\" data-element_type=\"column\" data-e-type=\"column\">\n\t\t\t<div class=\"elementor-widget-wrap elementor-element-populated\">\n\t\t\t\t\t\t<div class=\"elementor-element elementor-element-dd0eca5 elementor-widget elementor-widget-google_maps\" data-id=\"dd0eca5\" data-element_type=\"widget\" data-e-type=\"widget\" data-widget_type=\"google_maps.default\">\n\t\t\t\t<div class=\"elementor-widget-container\">\n\t\t\t\t\t\t\t<div class=\"elementor-custom-embed\">\n\t\t\t<iframe loading=\"lazy\"\n\t\t\t\t\tsrc=\"https:\/\/maps.google.com\/maps?q=Us%2C%20New%20York%20%2369%20Lexignton&#038;t=m&#038;z=10&#038;output=embed&#038;iwloc=near\"\n\t\t\t\t\ttitle=\"Us, New York #69 Lexignton\"\n\t\t\t\t\taria-label=\"Us, New York #69 Lexignton\"\n\t\t\t><\/iframe>\n\t\t<\/div>\n\t\t\t\t\t\t<\/div>\n\t\t\t\t<\/div>\n\t\t\t\t\t<\/div>\n\t\t<\/div>\n\t\t\t\t\t<\/div>\n\t\t<\/section>\n\t\t\t\t<\/div>\n\t\t","protected":false},"excerpt":{"rendered":"<p>CONTACTO Ya sea que est\u00e9 interesado en tecnolog\u00edas emocionantes, asociaciones comerciales o trabajar en nuevos proyectos de prensa: d\u00e9jeme un mensaje y me pondr\u00e9 en<a href=\"https:\/\/stefanleipold.com\/es\/contacte-con\/\" class=\"more-link\">Read More<i class=\"fa fa-arrow-right\"><\/i><\/a><\/p>\n","protected":false},"author":3,"featured_media":0,"parent":0,"menu_order":0,"comment_status":"closed","ping_status":"closed","template":"elementor_header_footer","meta":{"footnotes":""},"class_list":["post-1522","page","type-page","status-publish","hentry"],"yoast_head":"<!-- This site is optimized with the Yoast SEO plugin v27.5 - https:\/\/yoast.com\/product\/yoast-seo-wordpress\/ -->\n<title>Contacte con - Stefan Leipold<\/title>\n<meta name=\"description\" content=\"P\u00f3ngase en contacto con Stefan Leipold para charlas, conferencias de prensa y consultas sobre ciberseguridad. Para solicitud de firma de libros tambi\u00e9n ;-)\" \/>\n<meta name=\"robots\" content=\"index, follow, max-snippet:-1, max-image-preview:large, max-video-preview:-1\" \/>\n<link rel=\"canonical\" href=\"https:\/\/stefanleipold.com\/es\/contacte-con\/\" \/>\n<meta property=\"og:locale\" content=\"es_ES\" \/>\n<meta property=\"og:type\" content=\"article\" \/>\n<meta property=\"og:title\" content=\"Contacte con - Stefan Leipold\" \/>\n<meta property=\"og:description\" content=\"P\u00f3ngase en contacto con Stefan Leipold para charlas, conferencias de prensa y consultas sobre ciberseguridad. Para solicitud de firma de libros tambi\u00e9n ;-)\" \/>\n<meta property=\"og:url\" content=\"https:\/\/stefanleipold.com\/es\/contacte-con\/\" \/>\n<meta property=\"og:site_name\" content=\"Stefan Leipold\" \/>\n<meta property=\"article:modified_time\" content=\"2023-02-15T05:40:00+00:00\" \/>\n<meta name=\"twitter:card\" content=\"summary_large_image\" \/>\n<meta name=\"twitter:label1\" content=\"Tiempo de lectura\" \/>\n\t<meta name=\"twitter:data1\" content=\"1 minuto\" \/>\n<script type=\"application\/ld+json\" class=\"yoast-schema-graph\">{\"@context\":\"https:\\\/\\\/schema.org\",\"@graph\":[{\"@type\":\"WebPage\",\"@id\":\"https:\\\/\\\/stefanleipold.com\\\/es\\\/contacte-con\\\/\",\"url\":\"https:\\\/\\\/stefanleipold.com\\\/es\\\/contacte-con\\\/\",\"name\":\"Contacte con - Stefan Leipold\",\"isPartOf\":{\"@id\":\"https:\\\/\\\/stefanleipold.com\\\/#website\"},\"datePublished\":\"2023-02-11T22:07:35+00:00\",\"dateModified\":\"2023-02-15T05:40:00+00:00\",\"description\":\"P\u00f3ngase en contacto con Stefan Leipold para charlas, conferencias de prensa y consultas sobre ciberseguridad. Para solicitud de firma de libros tambi\u00e9n ;-)\",\"breadcrumb\":{\"@id\":\"https:\\\/\\\/stefanleipold.com\\\/es\\\/contacte-con\\\/#breadcrumb\"},\"inLanguage\":\"es\",\"potentialAction\":[{\"@type\":\"ReadAction\",\"target\":[\"https:\\\/\\\/stefanleipold.com\\\/es\\\/contacte-con\\\/\"]}]},{\"@type\":\"BreadcrumbList\",\"@id\":\"https:\\\/\\\/stefanleipold.com\\\/es\\\/contacte-con\\\/#breadcrumb\",\"itemListElement\":[{\"@type\":\"ListItem\",\"position\":1,\"name\":\"Home\",\"item\":\"https:\\\/\\\/stefanleipold.com\\\/es\\\/\"},{\"@type\":\"ListItem\",\"position\":2,\"name\":\"Contacte con\"}]},{\"@type\":\"WebSite\",\"@id\":\"https:\\\/\\\/stefanleipold.com\\\/#website\",\"url\":\"https:\\\/\\\/stefanleipold.com\\\/\",\"name\":\"Stefan Leipold\",\"description\":\"Cyber-Security Specialist, Entrepreneur, Speaker\",\"potentialAction\":[{\"@type\":\"SearchAction\",\"target\":{\"@type\":\"EntryPoint\",\"urlTemplate\":\"https:\\\/\\\/stefanleipold.com\\\/?s={search_term_string}\"},\"query-input\":{\"@type\":\"PropertyValueSpecification\",\"valueRequired\":true,\"valueName\":\"search_term_string\"}}],\"inLanguage\":\"es\"}]}<\/script>\n<!-- \/ Yoast SEO plugin. -->","yoast_head_json":{"title":"Contacte con - Stefan Leipold","description":"P\u00f3ngase en contacto con Stefan Leipold para charlas, conferencias de prensa y consultas sobre ciberseguridad. Para solicitud de firma de libros tambi\u00e9n ;-)","robots":{"index":"index","follow":"follow","max-snippet":"max-snippet:-1","max-image-preview":"max-image-preview:large","max-video-preview":"max-video-preview:-1"},"canonical":"https:\/\/stefanleipold.com\/es\/contacte-con\/","og_locale":"es_ES","og_type":"article","og_title":"Contacte con - Stefan Leipold","og_description":"P\u00f3ngase en contacto con Stefan Leipold para charlas, conferencias de prensa y consultas sobre ciberseguridad. Para solicitud de firma de libros tambi\u00e9n ;-)","og_url":"https:\/\/stefanleipold.com\/es\/contacte-con\/","og_site_name":"Stefan Leipold","article_modified_time":"2023-02-15T05:40:00+00:00","twitter_card":"summary_large_image","twitter_misc":{"Tiempo de lectura":"1 minuto"},"schema":{"@context":"https:\/\/schema.org","@graph":[{"@type":"WebPage","@id":"https:\/\/stefanleipold.com\/es\/contacte-con\/","url":"https:\/\/stefanleipold.com\/es\/contacte-con\/","name":"Contacte con - Stefan Leipold","isPartOf":{"@id":"https:\/\/stefanleipold.com\/#website"},"datePublished":"2023-02-11T22:07:35+00:00","dateModified":"2023-02-15T05:40:00+00:00","description":"P\u00f3ngase en contacto con Stefan Leipold para charlas, conferencias de prensa y consultas sobre ciberseguridad. Para solicitud de firma de libros tambi\u00e9n ;-)","breadcrumb":{"@id":"https:\/\/stefanleipold.com\/es\/contacte-con\/#breadcrumb"},"inLanguage":"es","potentialAction":[{"@type":"ReadAction","target":["https:\/\/stefanleipold.com\/es\/contacte-con\/"]}]},{"@type":"BreadcrumbList","@id":"https:\/\/stefanleipold.com\/es\/contacte-con\/#breadcrumb","itemListElement":[{"@type":"ListItem","position":1,"name":"Home","item":"https:\/\/stefanleipold.com\/es\/"},{"@type":"ListItem","position":2,"name":"Contacte con"}]},{"@type":"WebSite","@id":"https:\/\/stefanleipold.com\/#website","url":"https:\/\/stefanleipold.com\/","name":"Stefan Leipold","description":"Cyber-Security Specialist, Entrepreneur, Speaker","potentialAction":[{"@type":"SearchAction","target":{"@type":"EntryPoint","urlTemplate":"https:\/\/stefanleipold.com\/?s={search_term_string}"},"query-input":{"@type":"PropertyValueSpecification","valueRequired":true,"valueName":"search_term_string"}}],"inLanguage":"es"}]}},"_links":{"self":[{"href":"https:\/\/stefanleipold.com\/es\/wp-json\/wp\/v2\/pages\/1522","targetHints":{"allow":["GET"]}}],"collection":[{"href":"https:\/\/stefanleipold.com\/es\/wp-json\/wp\/v2\/pages"}],"about":[{"href":"https:\/\/stefanleipold.com\/es\/wp-json\/wp\/v2\/types\/page"}],"author":[{"embeddable":true,"href":"https:\/\/stefanleipold.com\/es\/wp-json\/wp\/v2\/users\/3"}],"replies":[{"embeddable":true,"href":"https:\/\/stefanleipold.com\/es\/wp-json\/wp\/v2\/comments?post=1522"}],"version-history":[{"count":9,"href":"https:\/\/stefanleipold.com\/es\/wp-json\/wp\/v2\/pages\/1522\/revisions"}],"predecessor-version":[{"id":1716,"href":"https:\/\/stefanleipold.com\/es\/wp-json\/wp\/v2\/pages\/1522\/revisions\/1716"}],"wp:attachment":[{"href":"https:\/\/stefanleipold.com\/es\/wp-json\/wp\/v2\/media?parent=1522"}],"curies":[{"name":"wp","href":"https:\/\/api.w.org\/{rel}","templated":true}]}}